{"id":220,"date":"2020-12-04T16:02:19","date_gmt":"2020-12-04T13:02:19","guid":{"rendered":"https:\/\/demo.kanthemes.com.tr\/kanews\/?page_id=220"},"modified":"2025-03-16T13:26:35","modified_gmt":"2025-03-16T10:26:35","slug":"kripto-para-piyasalari","status":"publish","type":"page","link":"https:\/\/kirmizibulten.com.tr\/index.php\/kripto-para-piyasalari\/","title":{"rendered":"Kripto Para Piyasalar\u0131"},"content":{"rendered":"\n\n\n<blockquote class=\"wp-block-quote is-layout-flow wp-block-quote-is-layout-flow\">\n<p>&#8220;Yat\u0131r\u0131m yapmay\u0131 asla b\u0131rakma. Geli\u015fmeyi asla b\u0131rakma. Yeni bir \u015feyler yapmay\u0131 asla b\u0131rakma.&#8221;<\/p>\n<cite>Herbokolog<\/cite><\/blockquote>\n<\/p>","protected":false},"excerpt":{"rendered":"<p>&#8220;Yat\u0131r\u0131m yapmay\u0131 asla b\u0131rakma. Geli\u015fmeyi asla b\u0131rakma. Yeni bir \u015feyler yapmay\u0131 asla b\u0131rakma.&#8221; Herbokolog<\/p>\n","protected":false},"author":1,"featured_media":0,"parent":0,"menu_order":0,"comment_status":"open","ping_status":"closed","template":"inc\/cryptocurrencies.php","meta":{"footnotes":""},"class_list":["post-220","page","type-page","status-publish","hentry"],"_links":{"self":[{"href":"https:\/\/kirmizibulten.com.tr\/index.php\/wp-json\/wp\/v2\/pages\/220","targetHints":{"allow":["GET"]}}],"collection":[{"href":"https:\/\/kirmizibulten.com.tr\/index.php\/wp-json\/wp\/v2\/pages"}],"about":[{"href":"https:\/\/kirmizibulten.com.tr\/index.php\/wp-json\/wp\/v2\/types\/page"}],"author":[{"embeddable":true,"href":"https:\/\/kirmizibulten.com.tr\/index.php\/wp-json\/wp\/v2\/users\/1"}],"replies":[{"embeddable":true,"href":"https:\/\/kirmizibulten.com.tr\/index.php\/wp-json\/wp\/v2\/comments?post=220"}],"version-history":[{"count":1,"href":"https:\/\/kirmizibulten.com.tr\/index.php\/wp-json\/wp\/v2\/pages\/220\/revisions"}],"predecessor-version":[{"id":2032,"href":"https:\/\/kirmizibulten.com.tr\/index.php\/wp-json\/wp\/v2\/pages\/220\/revisions\/2032"}],"wp:attachment":[{"href":"https:\/\/kirmizibulten.com.tr\/index.php\/wp-json\/wp\/v2\/media?parent=220"}],"curies":[{"name":"wp","href":"https:\/\/api.w.org\/{rel}","templated":true}]}}